{"id":114,"date":"2025-03-08T11:00:41","date_gmt":"2025-03-08T10:00:41","guid":{"rendered":"https:\/\/terres-maasai.le-pic.org\/?page_id=114"},"modified":"2025-08-06T21:28:11","modified_gmt":"2025-08-06T19:28:11","slug":"evenements","status":"publish","type":"page","link":"https:\/\/xn--terres-maasa-ugb.com\/index.php\/evenements\/","title":{"rendered":"\u00c9v\u00e8nements"},"content":{"rendered":"\t\t<div data-elementor-type=\"wp-page\" data-elementor-id=\"114\" class=\"elementor elementor-114\">\n\t\t\t\t<div class=\"elementor-element elementor-element-c2a648b e-flex e-con-boxed e-con e-parent\" data-id=\"c2a648b\" data-element_type=\"container\">\n\t\t\t\t\t<div class=\"e-con-inner\">\n\t\t\t\t<div class=\"elementor-element elementor-element-d9e4a21 elementor-widget elementor-widget-heading\" data-id=\"d9e4a21\" data-element_type=\"widget\" data-widget_type=\"heading.default\">\n\t\t\t\t<div class=\"elementor-widget-container\">\n\t\t\t\t\t<h2 class=\"elementor-heading-title elementor-size-default\">\u00c9v\u00e8nements \ud83c\udfa4<\/h2>\t\t\t\t<\/div>\n\t\t\t\t<\/div>\n\t\t\t\t\t<\/div>\n\t\t\t\t<\/div>\n\t\t<div class=\"elementor-element elementor-element-6292d15 e-flex e-con-boxed e-con e-parent\" data-id=\"6292d15\" data-element_type=\"container\">\n\t\t\t\t\t<div class=\"e-con-inner\">\n\t\t\t\t<div class=\"elementor-element elementor-element-f9479d4 elementor-position-top elementor-widget elementor-widget-image-box\" data-id=\"f9479d4\" data-element_type=\"widget\" data-widget_type=\"image-box.default\">\n\t\t\t\t<div class=\"elementor-widget-container\">\n\t\t\t\t\t<div class=\"elementor-image-box-wrapper\"><figure class=\"elementor-image-box-img\"><a href=\"https:\/\/terres-maasa\u00ef.com\/index.php\/2025\/08\/06\/evenement-holi\/\" tabindex=\"-1\"><img fetchpriority=\"high\" decoding=\"async\" width=\"1080\" height=\"1350\" src=\"https:\/\/xn--terres-maasa-ugb.com\/wp-content\/uploads\/2025\/08\/WhatsApp-Image-2025-08-06-at-21.12.04.jpeg\" class=\"attachment-full size-full wp-image-782\" alt=\"\" srcset=\"https:\/\/xn--terres-maasa-ugb.com\/wp-content\/uploads\/2025\/08\/WhatsApp-Image-2025-08-06-at-21.12.04.jpeg 1080w, https:\/\/xn--terres-maasa-ugb.com\/wp-content\/uploads\/2025\/08\/WhatsApp-Image-2025-08-06-at-21.12.04-240x300.jpeg 240w, https:\/\/xn--terres-maasa-ugb.com\/wp-content\/uploads\/2025\/08\/WhatsApp-Image-2025-08-06-at-21.12.04-819x1024.jpeg 819w, https:\/\/xn--terres-maasa-ugb.com\/wp-content\/uploads\/2025\/08\/WhatsApp-Image-2025-08-06-at-21.12.04-768x960.jpeg 768w\" sizes=\"(max-width: 1080px) 100vw, 1080px\" \/><\/a><\/figure><div class=\"elementor-image-box-content\"><h3 class=\"elementor-image-box-title\"><a href=\"https:\/\/terres-maasa\u00ef.com\/index.php\/2025\/08\/06\/evenement-holi\/\">\ud83c\udf08\u2728 Terres Maasa\u00ef au Holi Bolly Festival \u2013 Toulouse \ud83c\udf89\ud83c\uddee\ud83c\uddf3 le 29 juin 2025<\/a><\/h3><\/div><\/div>\t\t\t\t<\/div>\n\t\t\t\t<\/div>\n\t\t\t\t\t<\/div>\n\t\t\t\t<\/div>\n\t\t<div class=\"elementor-element elementor-element-da49aa0 e-flex e-con-boxed e-con e-parent\" data-id=\"da49aa0\" data-element_type=\"container\">\n\t\t\t\t\t<div class=\"e-con-inner\">\n\t\t\t\t<div class=\"elementor-element elementor-element-f8af48c elementor-widget__width-initial elementor-position-top elementor-widget elementor-widget-image-box\" data-id=\"f8af48c\" data-element_type=\"widget\" data-widget_type=\"image-box.default\">\n\t\t\t\t<div class=\"elementor-widget-container\">\n\t\t\t\t\t<div class=\"elementor-image-box-wrapper\"><figure class=\"elementor-image-box-img\"><a href=\"https:\/\/terres-maasa\u00ef.com\/index.php\/2025\/08\/06\/evenement-cristal\/\" tabindex=\"-1\"><img decoding=\"async\" width=\"720\" height=\"1062\" src=\"https:\/\/xn--terres-maasa-ugb.com\/wp-content\/uploads\/2025\/08\/cristal-essence.jpg\" class=\"attachment-full size-full wp-image-761\" alt=\"\" srcset=\"https:\/\/xn--terres-maasa-ugb.com\/wp-content\/uploads\/2025\/08\/cristal-essence.jpg 720w, https:\/\/xn--terres-maasa-ugb.com\/wp-content\/uploads\/2025\/08\/cristal-essence-203x300.jpg 203w, https:\/\/xn--terres-maasa-ugb.com\/wp-content\/uploads\/2025\/08\/cristal-essence-694x1024.jpg 694w\" sizes=\"(max-width: 720px) 100vw, 720px\" \/><\/a><\/figure><div class=\"elementor-image-box-content\"><h3 class=\"elementor-image-box-title\"><a href=\"https:\/\/terres-maasa\u00ef.com\/index.php\/2025\/08\/06\/evenement-cristal\/\">\ud83c\udf38\u2728 Terres Maasa\u00ef aux Portes Ouvertes de Cristal Essences \u00e0 Vallesvilles \ud83c\udf3f\ud83d\udc8e14 juin 2025<\/a><\/h3><\/div><\/div>\t\t\t\t<\/div>\n\t\t\t\t<\/div>\n\t\t\t\t\t<\/div>\n\t\t\t\t<\/div>\n\t\t<div class=\"elementor-element elementor-element-56a3749 e-flex e-con-boxed e-con e-parent\" data-id=\"56a3749\" data-element_type=\"container\">\n\t\t\t\t\t<div class=\"e-con-inner\">\n\t\t\t\t<div class=\"elementor-element elementor-element-6808a14 elementor-position-top elementor-widget elementor-widget-image-box\" data-id=\"6808a14\" data-element_type=\"widget\" data-widget_type=\"image-box.default\">\n\t\t\t\t<div class=\"elementor-widget-container\">\n\t\t\t\t\t<div class=\"elementor-image-box-wrapper\"><figure class=\"elementor-image-box-img\"><a href=\"https:\/\/terres-maasa\u00ef.com\/index.php\/2025\/08\/06\/evenement-fred\/\" tabindex=\"-1\"><img decoding=\"async\" width=\"1280\" height=\"576\" src=\"https:\/\/xn--terres-maasa-ugb.com\/wp-content\/uploads\/2025\/08\/Fred2-1.jpeg\" class=\"attachment-full size-full wp-image-711\" alt=\"\" srcset=\"https:\/\/xn--terres-maasa-ugb.com\/wp-content\/uploads\/2025\/08\/Fred2-1.jpeg 1280w, https:\/\/xn--terres-maasa-ugb.com\/wp-content\/uploads\/2025\/08\/Fred2-1-300x135.jpeg 300w, https:\/\/xn--terres-maasa-ugb.com\/wp-content\/uploads\/2025\/08\/Fred2-1-1024x461.jpeg 1024w, https:\/\/xn--terres-maasa-ugb.com\/wp-content\/uploads\/2025\/08\/Fred2-1-768x346.jpeg 768w\" sizes=\"(max-width: 1280px) 100vw, 1280px\" \/><\/a><\/figure><div class=\"elementor-image-box-content\"><h3 class=\"elementor-image-box-title\"><a href=\"https:\/\/terres-maasa\u00ef.com\/index.php\/2025\/08\/06\/evenement-fred\/\">\ud83c\udf0dTerres Maasa\u00ef s\u2019invite chez Fred l\u2019Artisan Boulanger \u00e0 Ramonville dimanche 18 mai 2025! \ud83d\ude0d\ud83e\udd56<\/a><\/h3><\/div><\/div>\t\t\t\t<\/div>\n\t\t\t\t<\/div>\n\t\t\t\t\t<\/div>\n\t\t\t\t<\/div>\n\t\t<div class=\"elementor-element elementor-element-1fdd236 e-flex e-con-boxed e-con e-parent\" data-id=\"1fdd236\" data-element_type=\"container\">\n\t\t\t\t\t<div class=\"e-con-inner\">\n\t\t\t\t<div class=\"elementor-element elementor-element-20e2a4d elementor-position-top elementor-widget elementor-widget-image-box\" data-id=\"20e2a4d\" data-element_type=\"widget\" data-widget_type=\"image-box.default\">\n\t\t\t\t<div class=\"elementor-widget-container\">\n\t\t\t\t\t<div class=\"elementor-image-box-wrapper\"><figure class=\"elementor-image-box-img\"><a href=\"https:\/\/terres-maasa\u00ef.com\/index.php\/2025\/07\/31\/evenement-rday\/\" tabindex=\"-1\"><img loading=\"lazy\" decoding=\"async\" width=\"1080\" height=\"1080\" src=\"https:\/\/xn--terres-maasa-ugb.com\/wp-content\/uploads\/2025\/07\/WhatsApp-Image-2025-01-11-at-10.01.01.jpeg\" class=\"attachment-full size-full wp-image-669\" alt=\"\" srcset=\"https:\/\/xn--terres-maasa-ugb.com\/wp-content\/uploads\/2025\/07\/WhatsApp-Image-2025-01-11-at-10.01.01.jpeg 1080w, https:\/\/xn--terres-maasa-ugb.com\/wp-content\/uploads\/2025\/07\/WhatsApp-Image-2025-01-11-at-10.01.01-300x300.jpeg 300w, https:\/\/xn--terres-maasa-ugb.com\/wp-content\/uploads\/2025\/07\/WhatsApp-Image-2025-01-11-at-10.01.01-1024x1024.jpeg 1024w, https:\/\/xn--terres-maasa-ugb.com\/wp-content\/uploads\/2025\/07\/WhatsApp-Image-2025-01-11-at-10.01.01-150x150.jpeg 150w, https:\/\/xn--terres-maasa-ugb.com\/wp-content\/uploads\/2025\/07\/WhatsApp-Image-2025-01-11-at-10.01.01-768x768.jpeg 768w\" sizes=\"(max-width: 1080px) 100vw, 1080px\" \/><\/a><\/figure><div class=\"elementor-image-box-content\"><h3 class=\"elementor-image-box-title\"><a href=\"https:\/\/terres-maasa\u00ef.com\/index.php\/2025\/07\/31\/evenement-rday\/\">\ud83e\udd1d\ud83c\udf0f Terres Maasa\u00ef au \ud83c\uddee\ud83c\uddf3\u2728REPUBLIC DAY OF INDIA 26 JANVIER 2025<\/a><\/h3><\/div><\/div>\t\t\t\t<\/div>\n\t\t\t\t<\/div>\n\t\t\t\t\t<\/div>\n\t\t\t\t<\/div>\n\t\t<div class=\"elementor-element elementor-element-bbb15f4 e-flex e-con-boxed e-con e-parent\" data-id=\"bbb15f4\" data-element_type=\"container\">\n\t\t\t\t\t<div class=\"e-con-inner\">\n\t\t\t\t<div class=\"elementor-element elementor-element-7be860a elementor-position-top elementor-widget elementor-widget-image-box\" data-id=\"7be860a\" data-element_type=\"widget\" data-widget_type=\"image-box.default\">\n\t\t\t\t<div class=\"elementor-widget-container\">\n\t\t\t\t\t<div class=\"elementor-image-box-wrapper\"><figure class=\"elementor-image-box-img\"><a href=\"https:\/\/terres-maasa\u00ef.com\/index.php\/2025\/07\/29\/evenements\/\" tabindex=\"-1\"><img loading=\"lazy\" decoding=\"async\" width=\"799\" height=\"599\" src=\"https:\/\/xn--terres-maasa-ugb.com\/wp-content\/uploads\/2025\/03\/MARCHE-PORT-SUD-SEV.jpg\" class=\"attachment-full size-full wp-image-276\" alt=\"\" srcset=\"https:\/\/xn--terres-maasa-ugb.com\/wp-content\/uploads\/2025\/03\/MARCHE-PORT-SUD-SEV.jpg 799w, https:\/\/xn--terres-maasa-ugb.com\/wp-content\/uploads\/2025\/03\/MARCHE-PORT-SUD-SEV-300x225.jpg 300w, https:\/\/xn--terres-maasa-ugb.com\/wp-content\/uploads\/2025\/03\/MARCHE-PORT-SUD-SEV-768x576.jpg 768w\" sizes=\"(max-width: 799px) 100vw, 799px\" \/><\/a><\/figure><div class=\"elementor-image-box-content\"><h3 class=\"elementor-image-box-title\"><a href=\"https:\/\/terres-maasa\u00ef.com\/index.php\/2025\/07\/29\/evenements\/\">\ud83c\udf84\ud83c\udf89 Merci Co\u2019Pains du Port pour ce No\u00ebl de partage et de joie !\ud83d\ude4f\ud83c\udf85<\/a><\/h3><\/div><\/div>\t\t\t\t<\/div>\n\t\t\t\t<\/div>\n\t\t\t\t\t<\/div>\n\t\t\t\t<\/div>\n\t\t<div class=\"elementor-element elementor-element-d5da793 e-flex e-con-boxed e-con e-parent\" data-id=\"d5da793\" data-element_type=\"container\">\n\t\t\t\t\t<div class=\"e-con-inner\">\n\t\t\t\t<div class=\"elementor-element elementor-element-da673b7 elementor-position-top elementor-widget elementor-widget-image-box\" data-id=\"da673b7\" data-element_type=\"widget\" data-widget_type=\"image-box.default\">\n\t\t\t\t<div class=\"elementor-widget-container\">\n\t\t\t\t\t<div class=\"elementor-image-box-wrapper\"><figure class=\"elementor-image-box-img\"><a href=\"https:\/\/terres-maasa\u00ef.com\/index.php\/2025\/07\/29\/evenements-2\/\" tabindex=\"-1\"><img loading=\"lazy\" decoding=\"async\" width=\"720\" height=\"1013\" src=\"https:\/\/xn--terres-maasa-ugb.com\/wp-content\/uploads\/2025\/07\/saint-jean-2024.jpg\" class=\"attachment-full size-full wp-image-630\" alt=\"\" srcset=\"https:\/\/xn--terres-maasa-ugb.com\/wp-content\/uploads\/2025\/07\/saint-jean-2024.jpg 720w, https:\/\/xn--terres-maasa-ugb.com\/wp-content\/uploads\/2025\/07\/saint-jean-2024-213x300.jpg 213w\" sizes=\"(max-width: 720px) 100vw, 720px\" \/><\/a><\/figure><div class=\"elementor-image-box-content\"><h3 class=\"elementor-image-box-title\"><a href=\"https:\/\/terres-maasa\u00ef.com\/index.php\/2025\/07\/29\/evenements-2\/\">TERRES MAASA\u00cf \u00e0 la f\u00eate de la Saint Jean \ud83d\udd25\u2728 \u2013 22 juin 2024<\/a><\/h3><\/div><\/div>\t\t\t\t<\/div>\n\t\t\t\t<\/div>\n\t\t\t\t\t<\/div>\n\t\t\t\t<\/div>\n\t\t<div class=\"elementor-element elementor-element-12dbc50 e-flex e-con-boxed e-con e-parent\" data-id=\"12dbc50\" data-element_type=\"container\">\n\t\t\t\t\t<div class=\"e-con-inner\">\n\t\t\t\t<div class=\"elementor-element elementor-element-af2eca6 elementor-position-top elementor-widget elementor-widget-image-box\" data-id=\"af2eca6\" data-element_type=\"widget\" data-widget_type=\"image-box.default\">\n\t\t\t\t<div class=\"elementor-widget-container\">\n\t\t\t\t\t<div class=\"elementor-image-box-wrapper\"><figure class=\"elementor-image-box-img\"><a href=\"https:\/\/terres-maasa\u00ef.com\/index.php\/2025\/07\/29\/evenement-3\/\" tabindex=\"-1\"><img loading=\"lazy\" decoding=\"async\" width=\"1080\" height=\"1350\" src=\"https:\/\/xn--terres-maasa-ugb.com\/wp-content\/uploads\/2025\/07\/MELA-DES-PLATS.jpeg\" class=\"attachment-full size-full wp-image-616\" alt=\"\" srcset=\"https:\/\/xn--terres-maasa-ugb.com\/wp-content\/uploads\/2025\/07\/MELA-DES-PLATS.jpeg 1080w, https:\/\/xn--terres-maasa-ugb.com\/wp-content\/uploads\/2025\/07\/MELA-DES-PLATS-240x300.jpeg 240w, https:\/\/xn--terres-maasa-ugb.com\/wp-content\/uploads\/2025\/07\/MELA-DES-PLATS-819x1024.jpeg 819w, https:\/\/xn--terres-maasa-ugb.com\/wp-content\/uploads\/2025\/07\/MELA-DES-PLATS-768x960.jpeg 768w\" sizes=\"(max-width: 1080px) 100vw, 1080px\" \/><\/a><\/figure><div class=\"elementor-image-box-content\"><h3 class=\"elementor-image-box-title\"><a href=\"https:\/\/terres-maasa\u00ef.com\/index.php\/2025\/07\/29\/evenement-3\/\">\u2728Notre premier stand La Mela des Plats \ud83c\udf89\u2728Festival Indien \u00e0 Toulouse \ud83c\uddee\ud83c\uddf3<\/a><\/h3><\/div><\/div>\t\t\t\t<\/div>\n\t\t\t\t<\/div>\n\t\t\t\t\t<\/div>\n\t\t\t\t<\/div>\n\t\t\t\t<\/div>\n\t\t","protected":false},"excerpt":{"rendered":"<p>\u00c9v\u00e8nements \ud83c\udfa4 \ud83c\udf08\u2728 Terres Maasa\u00ef au Holi Bolly Festival \u2013 Toulouse \ud83c\udf89\ud83c\uddee\ud83c\uddf3 le 29 juin 2025 \ud83c\udf38\u2728 Terres Maasa\u00ef aux [&hellip;]<\/p>\n","protected":false},"author":1,"featured_media":0,"parent":0,"menu_order":0,"comment_status":"closed","ping_status":"closed","template":"","meta":{"site-sidebar-layout":"no-sidebar","site-content-layout":"","ast-site-content-layout":"full-width-container","site-content-style":"default","site-sidebar-style":"default","ast-global-header-display":"","ast-banner-title-visibility":"","ast-main-header-display":"","ast-hfb-above-header-display":"","ast-hfb-below-header-display":"","ast-hfb-mobile-header-display":"","site-post-title":"disabled","ast-breadcrumbs-content":"","ast-featured-img":"disabled","footer-sml-layout":"","theme-transparent-header-meta":"","adv-header-id-meta":"","stick-header-meta":"","header-above-stick-meta":"","header-main-stick-meta":"","header-below-stick-meta":"","astra-migrate-meta-layouts":"default","ast-page-background-enabled":"default","ast-page-background-meta":{"desktop":{"background-color":"var(--ast-global-color-5)","background-image":"","background-repeat":"repeat","background-position":"center center","background-size":"auto","background-attachment":"scroll","background-type":"","background-media":"","overlay-type":"","overlay-color":"","overlay-opacity":"","overlay-gradient":""},"tablet":{"background-color":"","background-image":"","background-repeat":"repeat","background-position":"center center","background-size":"auto","background-attachment":"scroll","background-type":"","background-media":"","overlay-type":"","overlay-color":"","overlay-opacity":"","overlay-gradient":""},"mobile":{"background-color":"","background-image":"","background-repeat":"repeat","background-position":"center center","background-size":"auto","background-attachment":"scroll","background-type":"","background-media":"","overlay-type":"","overlay-color":"","overlay-opacity":"","overlay-gradient":""}},"ast-content-background-meta":{"desktop":{"background-color":"var(--ast-global-color-4)","background-image":"","background-repeat":"repeat","background-position":"center center","background-size":"auto","background-attachment":"scroll","background-type":"","background-media":"","overlay-type":"","overlay-color":"","overlay-opacity":"","overlay-gradient":""},"tablet":{"background-color":"var(--ast-global-color-4)","background-image":"","background-repeat":"repeat","background-position":"center center","background-size":"auto","background-attachment":"scroll","background-type":"","background-media":"","overlay-type":"","overlay-color":"","overlay-opacity":"","overlay-gradient":""},"mobile":{"background-color":"var(--ast-global-color-4)","background-image":"","background-repeat":"repeat","background-position":"center center","background-size":"auto","background-attachment":"scroll","background-type":"","background-media":"","overlay-type":"","overlay-color":"","overlay-opacity":"","overlay-gradient":""}},"footnotes":""},"class_list":["post-114","page","type-page","status-publish","hentry"],"_links":{"self":[{"href":"https:\/\/xn--terres-maasa-ugb.com\/index.php\/wp-json\/wp\/v2\/pages\/114","targetHints":{"allow":["GET"]}}],"collection":[{"href":"https:\/\/xn--terres-maasa-ugb.com\/index.php\/wp-json\/wp\/v2\/pages"}],"about":[{"href":"https:\/\/xn--terres-maasa-ugb.com\/index.php\/wp-json\/wp\/v2\/types\/page"}],"author":[{"embeddable":true,"href":"https:\/\/xn--terres-maasa-ugb.com\/index.php\/wp-json\/wp\/v2\/users\/1"}],"replies":[{"embeddable":true,"href":"https:\/\/xn--terres-maasa-ugb.com\/index.php\/wp-json\/wp\/v2\/comments?post=114"}],"version-history":[{"count":69,"href":"https:\/\/xn--terres-maasa-ugb.com\/index.php\/wp-json\/wp\/v2\/pages\/114\/revisions"}],"predecessor-version":[{"id":797,"href":"https:\/\/xn--terres-maasa-ugb.com\/index.php\/wp-json\/wp\/v2\/pages\/114\/revisions\/797"}],"wp:attachment":[{"href":"https:\/\/xn--terres-maasa-ugb.com\/index.php\/wp-json\/wp\/v2\/media?parent=114"}],"curies":[{"name":"wp","href":"https:\/\/api.w.org\/{rel}","templated":true}]}}