{"id":19,"date":"2025-01-18T17:13:25","date_gmt":"2025-01-18T16:13:25","guid":{"rendered":"https:\/\/terres-maasai.le-pic.org\/?page_id=19"},"modified":"2025-01-18T17:13:25","modified_gmt":"2025-01-18T16:13:25","slug":"qui-sommes-nous","status":"publish","type":"page","link":"https:\/\/xn--terres-maasa-ugb.com\/index.php\/qui-sommes-nous\/","title":{"rendered":"Qui sommes nous ?"},"content":{"rendered":"\t\t<div data-elementor-type=\"wp-page\" data-elementor-id=\"19\" class=\"elementor elementor-19\">\n\t\t\t\t<div class=\"elementor-element elementor-element-aeed25b e-flex e-con-boxed e-con e-parent\" data-id=\"aeed25b\" data-element_type=\"container\">\n\t\t\t\t\t<div class=\"e-con-inner\">\n\t\t<div class=\"elementor-element elementor-element-f6bdf2c e-con-full e-flex e-con e-child\" data-id=\"f6bdf2c\" data-element_type=\"container\">\n\t\t\t\t<div class=\"elementor-element elementor-element-7d5cb5f elementor-widget__width-initial elementor-widget elementor-widget-image\" data-id=\"7d5cb5f\" data-element_type=\"widget\" data-widget_type=\"image.default\">\n\t\t\t\t<div class=\"elementor-widget-container\">\n\t\t\t\t\t\t\t\t\t\t\t\t\t\t\t<img decoding=\"async\" src=\"https:\/\/terres-maasai.le-pic.org\/wp-content\/uploads\/2025\/03\/WhatsApp-Image-2025-03-10-at-16.20.44.jpeg\" title=\"\" alt=\"\" loading=\"lazy\" \/>\t\t\t\t\t\t\t\t\t\t\t\t\t\t\t<\/div>\n\t\t\t\t<\/div>\n\t\t\t\t<\/div>\n\t\t<div class=\"elementor-element elementor-element-7f72baf e-con-full e-flex e-con e-child\" data-id=\"7f72baf\" data-element_type=\"container\">\n\t\t\t\t<div class=\"elementor-element elementor-element-bed65c2 elementor-widget__width-initial elementor-widget elementor-widget-image\" data-id=\"bed65c2\" data-element_type=\"widget\" data-widget_type=\"image.default\">\n\t\t\t\t<div class=\"elementor-widget-container\">\n\t\t\t\t\t\t\t\t\t\t\t\t\t\t\t<img decoding=\"async\" src=\"https:\/\/terres-maasai.le-pic.org\/wp-content\/uploads\/2025\/03\/WhatsApp-Image-2025-03-10-at-16.19.46.jpeg\" title=\"\" alt=\"\" loading=\"lazy\" \/>\t\t\t\t\t\t\t\t\t\t\t\t\t\t\t<\/div>\n\t\t\t\t<\/div>\n\t\t\t\t<\/div>\n\t\t<div class=\"elementor-element elementor-element-2375488 e-con-full e-flex e-con e-child\" data-id=\"2375488\" data-element_type=\"container\">\n\t\t\t\t<div class=\"elementor-element elementor-element-abdb471 elementor-widget elementor-widget-image\" data-id=\"abdb471\" data-element_type=\"widget\" data-widget_type=\"image.default\">\n\t\t\t\t<div class=\"elementor-widget-container\">\n\t\t\t\t\t\t\t\t\t\t\t\t\t\t\t<img decoding=\"async\" src=\"https:\/\/terres-maasai.le-pic.org\/wp-content\/uploads\/2025\/03\/WhatsApp-Image-2025-03-10-at-16.20.33.jpeg\" title=\"\" alt=\"\" loading=\"lazy\" \/>\t\t\t\t\t\t\t\t\t\t\t\t\t\t\t<\/div>\n\t\t\t\t<\/div>\n\t\t\t\t<\/div>\n\t\t\t\t\t<\/div>\n\t\t\t\t<\/div>\n\t\t<div class=\"elementor-element elementor-element-781fd341 e-flex e-con-boxed e-con e-parent\" data-id=\"781fd341\" data-element_type=\"container\">\n\t\t\t\t\t<div class=\"e-con-inner\">\n\t\t\t\t<div class=\"elementor-element elementor-element-3d916a6b elementor-widget elementor-widget-text-editor\" data-id=\"3d916a6b\" data-element_type=\"widget\" data-widget_type=\"text-editor.default\">\n\t\t\t\t<div class=\"elementor-widget-container\">\n\t\t\t\t\t\t\t\t\t<div><p class=\"Standard\">L\u2019id\u00e9e de cr\u00e9er une association est n\u00e9e en 2021 d\u2019une prise de conscience lors d\u2019un voyage au Kenya pr\u00e8s de la fronti\u00e8re avec la Tanzanie.<\/p><\/div><div><p class=\"Standard\">Sur le chemin menant \u00e0 une \u00e9cole, apr\u00e8s plus d\u2019une heure et demie de marche depuis un petit village maasa\u00ef nich\u00e9 \u00e0 plus de 2500 m\u00e8tres d\u2019altitude, une \u00e9vidence s\u2019est impos\u00e9e : les enfants en bas \u00e2ge ne peuvent pas parcourir une telle distance, et les parents n\u2019ont pas les moyens de les mettre en pensionnat.<\/p><\/div><div><p class=\"Standard\">Cette id\u00e9e a grandi et, au fil des s\u00e9jours, gr\u00e2ce aux liens tiss\u00e9s avec la communaut\u00e9 locale et \u00e0 \u00ab\u00a0l\u2019adoption \u00bb de notre fondatrice, S\u00e9verine, par les Maasa\u00ef de cette r\u00e9gion.<\/p><\/div><div><p class=\"Standard\">Le projet d\u2019une \u00e9cole de brousse a peu \u00e0 peu pris forme.<\/p><\/div><div><p class=\"Standard\">Aujourd\u2019hui, l\u2019Association TERRES MAASA\u00cf \u0153uvre aux c\u00f4t\u00e9s des habitants pour offrir aux enfants un acc\u00e8s \u00e0 l\u2019\u00e9ducation dans un cadre plus proche de leur quotidien.<\/p><\/div><div><p class=\"Standard\">D\u2019autres projets en collaboration avec la communaut\u00e9 maasa\u00ef sont d\u00e9j\u00e0 en r\u00e9flexion.<\/p><\/div><div><p class=\"Standard\">\u00c9couter, comprendre et agir avec bienveillance : TERRES MAASA\u00cf s\u2019inspire des besoins r\u00e9els de la population locale.<\/p><\/div><p><!-- \/wp:paragraph --><\/p>\t\t\t\t\t\t\t\t<\/div>\n\t\t\t\t<\/div>\n\t\t\t\t\t<\/div>\n\t\t\t\t<\/div>\n\t\t<div class=\"elementor-element elementor-element-0029116 e-flex e-con-boxed e-con e-parent\" data-id=\"0029116\" data-element_type=\"container\">\n\t\t\t\t\t<div class=\"e-con-inner\">\n\t\t\t\t<div class=\"elementor-element elementor-element-8edbfb5 elementor-widget elementor-widget-image\" data-id=\"8edbfb5\" data-element_type=\"widget\" data-widget_type=\"image.default\">\n\t\t\t\t<div class=\"elementor-widget-container\">\n\t\t\t\t\t\t\t\t\t\t\t\t\t\t\t<img decoding=\"async\" src=\"https:\/\/terres-maasai.le-pic.org\/wp-content\/uploads\/2025\/03\/Yeyio.jpg\" title=\"\" alt=\"\" loading=\"lazy\" \/>\t\t\t\t\t\t\t\t\t\t\t\t\t\t\t<\/div>\n\t\t\t\t<\/div>\n\t\t\t\t\t<\/div>\n\t\t\t\t<\/div>\n\t\t\t\t<\/div>\n\t\t","protected":false},"excerpt":{"rendered":"<p>L\u2019id\u00e9e de cr\u00e9er une association est n\u00e9e en 2021 d\u2019une prise de conscience lors d\u2019un voyage au Kenya pr\u00e8s de [&hellip;]<\/p>\n","protected":false},"author":1,"featured_media":0,"parent":0,"menu_order":0,"comment_status":"closed","ping_status":"closed","template":"","meta":{"site-sidebar-layout":"default","site-content-layout":"","ast-site-content-layout":"","site-content-style":"default","site-sidebar-style":"default","ast-global-header-display":"","ast-banner-title-visibility":"","ast-main-header-display":"","ast-hfb-above-header-display":"","ast-hfb-below-header-display":"","ast-hfb-mobile-header-display":"","site-post-title":"","ast-breadcrumbs-content":"","ast-featured-img":"","footer-sml-layout":"","theme-transparent-header-meta":"","adv-header-id-meta":"","stick-header-meta":"","header-above-stick-meta":"","header-main-stick-meta":"","header-below-stick-meta":"","astra-migrate-meta-layouts":"default","ast-page-background-enabled":"default","ast-page-background-meta":{"desktop":{"background-color":"var(--ast-global-color-5)","background-image":"","background-repeat":"repeat","background-position":"center center","background-size":"auto","background-attachment":"scroll","background-type":"","background-media":"","overlay-type":"","overlay-color":"","overlay-opacity":"","overlay-gradient":""},"tablet":{"background-color":"","background-image":"","background-repeat":"repeat","background-position":"center center","background-size":"auto","background-attachment":"scroll","background-type":"","background-media":"","overlay-type":"","overlay-color":"","overlay-opacity":"","overlay-gradient":""},"mobile":{"background-color":"","background-image":"","background-repeat":"repeat","background-position":"center center","background-size":"auto","background-attachment":"scroll","background-type":"","background-media":"","overlay-type":"","overlay-color":"","overlay-opacity":"","overlay-gradient":""}},"ast-content-background-meta":{"desktop":{"background-color":"var(--ast-global-color-4)","background-image":"","background-repeat":"repeat","background-position":"center center","background-size":"auto","background-attachment":"scroll","background-type":"","background-media":"","overlay-type":"","overlay-color":"","overlay-opacity":"","overlay-gradient":""},"tablet":{"background-color":"var(--ast-global-color-4)","background-image":"","background-repeat":"repeat","background-position":"center center","background-size":"auto","background-attachment":"scroll","background-type":"","background-media":"","overlay-type":"","overlay-color":"","overlay-opacity":"","overlay-gradient":""},"mobile":{"background-color":"var(--ast-global-color-4)","background-image":"","background-repeat":"repeat","background-position":"center center","background-size":"auto","background-attachment":"scroll","background-type":"","background-media":"","overlay-type":"","overlay-color":"","overlay-opacity":"","overlay-gradient":""}},"footnotes":""},"class_list":["post-19","page","type-page","status-publish","hentry"],"_links":{"self":[{"href":"https:\/\/xn--terres-maasa-ugb.com\/index.php\/wp-json\/wp\/v2\/pages\/19","targetHints":{"allow":["GET"]}}],"collection":[{"href":"https:\/\/xn--terres-maasa-ugb.com\/index.php\/wp-json\/wp\/v2\/pages"}],"about":[{"href":"https:\/\/xn--terres-maasa-ugb.com\/index.php\/wp-json\/wp\/v2\/types\/page"}],"author":[{"embeddable":true,"href":"https:\/\/xn--terres-maasa-ugb.com\/index.php\/wp-json\/wp\/v2\/users\/1"}],"replies":[{"embeddable":true,"href":"https:\/\/xn--terres-maasa-ugb.com\/index.php\/wp-json\/wp\/v2\/comments?post=19"}],"version-history":[{"count":0,"href":"https:\/\/xn--terres-maasa-ugb.com\/index.php\/wp-json\/wp\/v2\/pages\/19\/revisions"}],"wp:attachment":[{"href":"https:\/\/xn--terres-maasa-ugb.com\/index.php\/wp-json\/wp\/v2\/media?parent=19"}],"curies":[{"name":"wp","href":"https:\/\/api.w.org\/{rel}","templated":true}]}}